{"id":7181,"date":"2022-03-21T01:40:33","date_gmt":"2022-03-20T22:40:33","guid":{"rendered":"https:\/\/www.penceresistemleri.com\/aluminyum-jaluzi\/"},"modified":"2023-01-13T11:46:25","modified_gmt":"2023-01-13T08:46:25","slug":"aluminyum-jaluzi","status":"publish","type":"product","link":"https:\/\/www.penceresistemleri.com\/nl\/aluminyum-jaluzi\/","title":{"rendered":"Al\u00fcminyum Jaluzi"},"content":{"rendered":"<p>sdfasd<\/p>\n","protected":false},"excerpt":{"rendered":"<h3>Al\u00fcminyum Jaluzi<\/h3>\n<p><strong>Al\u00fcminyum jaluzi perde<\/strong>, modern ev dekorunun ayr\u0131lmaz bir par\u00e7as\u0131d\u0131r. \u015e\u0131k &#8230; <\/p>\n","protected":false},"featured_media":15521,"template":"","meta":[],"product_cat":[114],"product_tag":[],"class_list":["post-7181","product","type-product","status-publish","has-post-thumbnail","hentry","product_cat-blinde-systemen"],"_links":{"self":[{"href":"https:\/\/www.penceresistemleri.com\/nl\/wp-json\/wp\/v2\/product\/7181","targetHints":{"allow":["GET"]}}],"collection":[{"href":"https:\/\/www.penceresistemleri.com\/nl\/wp-json\/wp\/v2\/product"}],"about":[{"href":"https:\/\/www.penceresistemleri.com\/nl\/wp-json\/wp\/v2\/types\/product"}],"wp:featuredmedia":[{"embeddable":true,"href":"https:\/\/www.penceresistemleri.com\/nl\/wp-json\/wp\/v2\/media\/15521"}],"wp:attachment":[{"href":"https:\/\/www.penceresistemleri.com\/nl\/wp-json\/wp\/v2\/media?parent=7181"}],"wp:term":[{"taxonomy":"product_cat","embeddable":true,"href":"https:\/\/www.penceresistemleri.com\/nl\/wp-json\/wp\/v2\/product_cat?post=7181"},{"taxonomy":"product_tag","embeddable":true,"href":"https:\/\/www.penceresistemleri.com\/nl\/wp-json\/wp\/v2\/product_tag?post=7181"}],"curies":[{"name":"wp","href":"https:\/\/api.w.org\/{rel}","templated":true}]}}