{"id":2832,"date":"2022-03-11T04:27:02","date_gmt":"2022-03-11T01:27:02","guid":{"rendered":"https:\/\/www.penceresistemleri.com\/jaluzi-sistemleri\/"},"modified":"2023-03-23T22:13:30","modified_gmt":"2023-03-23T19:13:30","slug":"blinde-systemen","status":"publish","type":"page","link":"https:\/\/www.penceresistemleri.com\/nl\/blinde-systemen\/","title":{"rendered":"Blinde systemen"},"content":{"rendered":"\t\t<div data-elementor-type=\"wp-page\" data-elementor-id=\"2832\" class=\"elementor elementor-2832\">\n\t\t\t\t\t\t<section class=\"elementor-section elementor-top-section elementor-element elementor-element-0a21bf1 elementor-section-boxed elementor-section-height-default elementor-section-height-default\" data-id=\"0a21bf1\" data-element_type=\"section\">\n\t\t\t\t\t\t<div class=\"elementor-container elementor-column-gap-default\">\n\t\t\t\t\t<div class=\"elementor-column elementor-col-100 elementor-top-column elementor-element elementor-element-6d59b09\" data-id=\"6d59b09\" data-element_type=\"column\">\n\t\t\t<div class=\"elementor-widget-wrap elementor-element-populated\">\n\t\t\t\t\t\t<div class=\"elementor-element elementor-element-575559d elementor-widget elementor-widget-cz_product_category\" data-id=\"575559d\" data-element_type=\"widget\" data-widget_type=\"cz_product_category.default\">\n\t\t\t\t<div class=\"elementor-widget-container\">\n\t\t\t\t\t<div class=\"woocommerce columns-3 \"><ul class=\"products columns-3\">\n<li class=\"product type-product post-7176 status-publish first instock product_cat-blinde-systeme has-post-thumbnail shipping-taxable product-type-simple\">\n\t<div class=\"xtra-product-thumbnail\"><\/div><\/li>\n<li class=\"product type-product post-7177 status-publish instock product_cat-blinde-systeme has-post-thumbnail shipping-taxable product-type-simple\">\n\t<div class=\"xtra-product-thumbnail\"><\/div><\/li>\n<li class=\"product type-product post-7179 status-publish last instock product_cat-blinde-systeme has-post-thumbnail shipping-taxable product-type-simple\">\n\t<div class=\"xtra-product-thumbnail\"><\/div><\/li>\n<li class=\"product type-product post-7182 status-publish first instock product_cat-blinde-systeme has-post-thumbnail shipping-taxable product-type-simple\">\n\t<div class=\"xtra-product-thumbnail\"><\/div><\/li>\n<li class=\"product type-product post-7183 status-publish instock product_cat-blinde-systeme has-post-thumbnail shipping-taxable product-type-simple\">\n\t<div class=\"xtra-product-thumbnail\"><\/div><\/li>\n<\/ul>\n<\/div>\t\t\t\t<\/div>\n\t\t\t\t<\/div>\n\t\t\t\t\t<\/div>\n\t\t<\/div>\n\t\t\t\t\t<\/div>\n\t\t<\/section>\n\t\t\t\t<section class=\"elementor-section elementor-top-section elementor-element elementor-element-dde01ab elementor-section-boxed elementor-section-height-default elementor-section-height-default\" data-id=\"dde01ab\" data-element_type=\"section\">\n\t\t\t\t\t\t<div class=\"elementor-container elementor-column-gap-default\">\n\t\t\t\t\t<div class=\"elementor-column elementor-col-100 elementor-top-column elementor-element elementor-element-e2c02a5\" data-id=\"e2c02a5\" data-element_type=\"column\">\n\t\t\t<div class=\"elementor-widget-wrap elementor-element-populated\">\n\t\t\t\t\t\t<div class=\"elementor-element elementor-element-22fd456 elementor-widget elementor-widget-text-editor\" data-id=\"22fd456\" data-element_type=\"widget\" data-widget_type=\"text-editor.default\">\n\t\t\t\t<div class=\"elementor-widget-container\">\n\t\t\t\t\t\t\t\t\t<p>Blinde systemen<\/p>\n<p>Blindsystemen zijn een van de meest populaire soorten raambekleding. Ze worden ook wel rolgordijnen of accordeongordijnen genoemd. Jaloezie\u00ebn: Jaloezie\u00ebn zijn een soort raambekleding die bestaat uit verticale lamellen die met een touw of haspel kunnen worden geopend en gesloten.<\/p>\n<p>Jaloezietypes: Het Blindsysteem is een systeem dat het openen en sluiten van jaloezie\u00ebn regelt. Het wordt veel gebruikt in commerci\u00eble gebouwen zoals winkelcentra en hotels, maar ook in woningen. Veel verschillende producten worden door ons bedrijf aangeboden onder de merknaam Pencere Sistemleri. Deze producten worden door ons zowel in verschillende modellen als in verschillende maten jaloezie\u00ebn geproduceerd. Daarna wordt het te koop aangeboden tegen betaalbare prijzen. We onderscheiden ons onder de fabrikanten van jaloezie\u00ebn met een hoge kwaliteit en een voordelige prijs.<\/p>\n<p>Waar worden jaloezie\u00ebn gebruikt?<\/p>\n<p>Jaloezie\u00ebngordijnmodellen zijn een van de meest gebruikte raambekleding in huizen. Jaloezie\u00ebn bestaan uit een reeks lamellen die horizontaal en verticaal bewegen om de doorgang van licht te blokkeren. De jaloezie\u00ebn die wij aanbieden kunnen worden gemaakt met enkele lamellen of meerdere lamellen. Onze producten worden doorgaans door professionals ge\u00efnstalleerd en zijn er in verschillende soorten, zoals rolgordijnen, verticale jaloezie\u00ebn, gordijnen en rolgordijnen. De prijs van jaloezie\u00ebn die wij voor onze producten toepassen, verschilt per model.<\/p>\n<p>In deze context varieert de prijs die u moet betalen afhankelijk van het model dat u wilt kopen. Shutters kunnen een geweldige manier zijn om stijl en warmte toe te voegen aan elke kamer, maar ze kunnen ook worden gebruikt als een manier om wat privacy toe te voegen. Jaloezie\u00ebn zijn populair omdat ze in zoveel verschillende kleuren, vormen en ontwerpen verkrijgbaar zijn dat u iets naar uw smaak kunt vinden. Ons bedrijf vervaardigt jaloezie\u00ebn in elk model.<\/p>\n<p>Duurzame jaloezie\u00ebn<\/p>\n<p>Jaloezie\u00ebn werken door het uitzicht van buiten uw raam te blokkeren, terwijl het licht van binnenuit de kamer binnenkomt. Ons bedrijf, dat opvalt tussen de fabrikanten van jaloezie\u00ebn, biedt kwaliteitsdiensten. Onze producten zijn gemaakt van een materiaal dat aan de ene kant transparant en aan de andere kant ondoorzichtig is. Ze worden gebruikt om privacy of lichtregeling in een ruimte te bieden. We bieden altijd een hoge klanttevredenheid met onze kwaliteit bij jaloezie\u00ebnbedrijven. Onze producten staan bekend om hun duurzaamheid en effectiviteit.<\/p>\n<p>Het is ook gemakkelijk te installeren en te onderhouden, waardoor het een aantrekkelijke optie is voor huiseigenaren. Daarnaast bieden we voordelige opties op het gebied van jaloezie\u00ebn gordijn prijzen. De producten van ons bedrijf, dat zonwering produceert, kunnen door het hele huis worden gebruikt, zoals slaapkamers, woonkamers, badkamers, keukens, gangen en meer. We hebben veel productmodellen zoals kunststof jaloezie\u00ebn.<\/p>\n<p>Voordelig geprijsde jaloezie\u00ebn<\/p>\n<p>Jalousiegordijnen zijn een verscheidenheid aan gordijnen die in een groot aantal verschillende gebieden kunnen worden gebruikt. Ze kunnen worden gebruikt in de slaapkamer, woonkamer en zelfs in de badkamer. Ons bedrijf, dat tot de fabrikanten van zonwering behoort, heeft in deze sector een grote voorkeur.<\/p>\n<p>De jaloezie\u00ebn die wij aanbieden zijn toonaangevend met hun betaalbare prijzen. Jaloezie\u00ebn hebben veel verschillende functies die hun prijs de moeite waard maken. Ze zijn gemaakt van hoogwaardige materialen en hebben een sterke duurzaamheid en veelzijdigheid. Het is mogelijk om te gebruiken met passende jalousie glas prijzen.<\/p>\t\t\t\t\t\t\t\t<\/div>\n\t\t\t\t<\/div>\n\t\t\t\t\t<\/div>\n\t\t<\/div>\n\t\t\t\t\t<\/div>\n\t\t<\/section>\n\t\t\t\t<\/div>\n\t\t","protected":false},"excerpt":{"rendered":"<p>25 mm Ah\u015fap Jaluzi 35 mm Ah\u015fap Jaluzi 63 mm Ah\u015fap &#8230; <\/p>\n","protected":false},"author":1,"featured_media":0,"parent":0,"menu_order":0,"comment_status":"closed","ping_status":"closed","template":"","meta":{"footnotes":""},"class_list":["post-2832","page","type-page","status-publish","hentry"],"_links":{"self":[{"href":"https:\/\/www.penceresistemleri.com\/nl\/wp-json\/wp\/v2\/pages\/2832","targetHints":{"allow":["GET"]}}],"collection":[{"href":"https:\/\/www.penceresistemleri.com\/nl\/wp-json\/wp\/v2\/pages"}],"about":[{"href":"https:\/\/www.penceresistemleri.com\/nl\/wp-json\/wp\/v2\/types\/page"}],"author":[{"embeddable":true,"href":"https:\/\/www.penceresistemleri.com\/nl\/wp-json\/wp\/v2\/users\/1"}],"replies":[{"embeddable":true,"href":"https:\/\/www.penceresistemleri.com\/nl\/wp-json\/wp\/v2\/comments?post=2832"}],"version-history":[{"count":0,"href":"https:\/\/www.penceresistemleri.com\/nl\/wp-json\/wp\/v2\/pages\/2832\/revisions"}],"wp:attachment":[{"href":"https:\/\/www.penceresistemleri.com\/nl\/wp-json\/wp\/v2\/media?parent=2832"}],"curies":[{"name":"wp","href":"https:\/\/api.w.org\/{rel}","templated":true}]}}