{"id":7179,"date":"2022-03-21T01:40:24","date_gmt":"2022-03-20T22:40:24","guid":{"rendered":"https:\/\/www.penceresistemleri.com\/50-mm-ahsap-jaluzi\/"},"modified":"2023-01-10T16:12:06","modified_gmt":"2023-01-10T13:12:06","slug":"50-mm-ahsap-jaluzi","status":"publish","type":"product","link":"https:\/\/www.penceresistemleri.com\/de\/50-mm-ahsap-jaluzi\/","title":{"rendered":"50 mm Ah\u015fap Jaluzi"},"content":{"rendered":"<p>&#8230;<\/p>\n","protected":false},"excerpt":{"rendered":"<h3>50 mm Ah\u015fap Jaluzi<\/h3>\n<p><strong>50 mm ah\u015fap jaluzi perde<\/strong>, evinize do\u011fal \u0131\u015f\u0131k &#8230; <\/p>\n","protected":false},"featured_media":2354,"template":"","meta":[],"product_cat":[118],"product_tag":[],"class_list":["post-7179","product","type-product","status-publish","has-post-thumbnail","hentry","product_cat-blinde-systeme"],"_links":{"self":[{"href":"https:\/\/www.penceresistemleri.com\/de\/wp-json\/wp\/v2\/product\/7179","targetHints":{"allow":["GET"]}}],"collection":[{"href":"https:\/\/www.penceresistemleri.com\/de\/wp-json\/wp\/v2\/product"}],"about":[{"href":"https:\/\/www.penceresistemleri.com\/de\/wp-json\/wp\/v2\/types\/product"}],"wp:featuredmedia":[{"embeddable":true,"href":"https:\/\/www.penceresistemleri.com\/de\/wp-json\/wp\/v2\/media\/2354"}],"wp:attachment":[{"href":"https:\/\/www.penceresistemleri.com\/de\/wp-json\/wp\/v2\/media?parent=7179"}],"wp:term":[{"taxonomy":"product_cat","embeddable":true,"href":"https:\/\/www.penceresistemleri.com\/de\/wp-json\/wp\/v2\/product_cat?post=7179"},{"taxonomy":"product_tag","embeddable":true,"href":"https:\/\/www.penceresistemleri.com\/de\/wp-json\/wp\/v2\/product_tag?post=7179"}],"curies":[{"name":"wp","href":"https:\/\/api.w.org\/{rel}","templated":true}]}}