{"id":7173,"date":"2022-03-21T01:27:50","date_gmt":"2022-03-20T22:27:50","guid":{"rendered":"https:\/\/www.penceresistemleri.com\/28-mm-gezer-sineklik-sistemleri\/"},"modified":"2022-12-21T06:42:10","modified_gmt":"2022-12-21T03:42:10","slug":"28-mm-gezer-sineklik-sistemleri","status":"publish","type":"product","link":"https:\/\/www.penceresistemleri.com\/de\/28-mm-gezer-sineklik-sistemleri\/","title":{"rendered":"28 mm Gezer Sineklik Sistemleri"},"content":{"rendered":"<p>sdfasd<\/p>\n","protected":false},"excerpt":{"rendered":"<h3>Gezer Sineklik Sistemleri<\/h3>\n<p>Sivrisinek a\u011f sistemleri uzun s\u00fcredir ortal\u0131kta dola\u015f\u0131yor ancak mobil &#8230; <\/p>\n","protected":false},"featured_media":15198,"template":"","meta":[],"product_cat":[117],"product_tag":[],"class_list":["post-7173","product","type-product","status-publish","has-post-thumbnail","hentry","product_cat-fliegengitter-systeme"],"_links":{"self":[{"href":"https:\/\/www.penceresistemleri.com\/de\/wp-json\/wp\/v2\/product\/7173","targetHints":{"allow":["GET"]}}],"collection":[{"href":"https:\/\/www.penceresistemleri.com\/de\/wp-json\/wp\/v2\/product"}],"about":[{"href":"https:\/\/www.penceresistemleri.com\/de\/wp-json\/wp\/v2\/types\/product"}],"wp:featuredmedia":[{"embeddable":true,"href":"https:\/\/www.penceresistemleri.com\/de\/wp-json\/wp\/v2\/media\/15198"}],"wp:attachment":[{"href":"https:\/\/www.penceresistemleri.com\/de\/wp-json\/wp\/v2\/media?parent=7173"}],"wp:term":[{"taxonomy":"product_cat","embeddable":true,"href":"https:\/\/www.penceresistemleri.com\/de\/wp-json\/wp\/v2\/product_cat?post=7173"},{"taxonomy":"product_tag","embeddable":true,"href":"https:\/\/www.penceresistemleri.com\/de\/wp-json\/wp\/v2\/product_tag?post=7173"}],"curies":[{"name":"wp","href":"https:\/\/api.w.org\/{rel}","templated":true}]}}