{"id":7241,"date":"2018-05-29T11:12:41","date_gmt":"2018-05-29T08:12:41","guid":{"rendered":"https:\/\/www.penceresistemleri.com\/bayilik\/"},"modified":"2023-03-23T22:29:13","modified_gmt":"2023-03-23T19:29:13","slug":"haendler","status":"publish","type":"page","link":"https:\/\/www.penceresistemleri.com\/de\/haendler\/","title":{"rendered":"H\u00e4ndler"},"content":{"rendered":"\t\t<div data-elementor-type=\"wp-page\" data-elementor-id=\"7241\" class=\"elementor elementor-7241\">\n\t\t\t\t\t\t<section class=\"elementor-section elementor-top-section elementor-element elementor-element-7434f5f elementor-section-boxed elementor-section-height-default elementor-section-height-default\" data-id=\"7434f5f\" data-element_type=\"section\">\n\t\t\t\t\t\t<div class=\"elementor-container elementor-column-gap-default\">\n\t\t\t\t\t<div class=\"elementor-column elementor-col-100 elementor-top-column elementor-element elementor-element-ead2292\" data-id=\"ead2292\" data-element_type=\"column\">\n\t\t\t<div class=\"elementor-widget-wrap elementor-element-populated\">\n\t\t\t\t\t\t<div class=\"elementor-element elementor-element-745f2bb elementor-widget elementor-widget-cz_title\" data-id=\"745f2bb\" data-element_type=\"widget\" data-widget_type=\"cz_title.default\">\n\t\t\t\t<div class=\"elementor-widget-container\">\n\t\t\t\t\t\t\r\n\t\t<div>\r\n\t\t\t<div class=\"cz_title clr cz_smart_fs cz_title_pos_inline tac\"><div class=\"cz_title_content\"><div class=\"cz_wpe_content\"><p style=\"text-align: center;\"><span style=\"font-size: 18px; color: #666666;\">\u00d6z\u00e7elik Metal<\/span><\/p><h3 style=\"line-height: 1.3; text-align: center;\"><span style=\"font-size: 38px;\"><span style=\"color: #5f6969;\">H\u00e4ndlerbewerbung <\/span><\/span><\/h3><p style=\"text-align: center;\"><span style=\"color: #aaaaaa; font-size: 18px;\">Alle unsere anderen Produkte wie nationale und internationale Fliegengitter, Faltrollos und Jalousien k\u00f6nnen Sie als Gro\u00dfh\u00e4ndler oder einzeln liefern.<\/span><\/p><\/div><\/div><\/div>\r\n\t\t<\/div>\r\n\t\t\r\n\t\t\t\t\t\t<\/div>\n\t\t\t\t<\/div>\n\t\t\t\t<div class=\"elementor-element elementor-element-8a2c8d3 elementor-widget-divider--view-line elementor-widget elementor-widget-divider\" data-id=\"8a2c8d3\" data-element_type=\"widget\" data-widget_type=\"divider.default\">\n\t\t\t\t<div class=\"elementor-widget-container\">\n\t\t\t\t\t\t\t<div class=\"elementor-divider\">\n\t\t\t<span class=\"elementor-divider-separator\">\n\t\t\t\t\t\t<\/span>\n\t\t<\/div>\n\t\t\t\t\t\t<\/div>\n\t\t\t\t<\/div>\n\t\t\t\t\t<\/div>\n\t\t<\/div>\n\t\t\t\t\t<\/div>\n\t\t<\/section>\n\t\t\t\t<section class=\"elementor-section elementor-top-section elementor-element elementor-element-62a7eaa elementor-section-boxed elementor-section-height-default elementor-section-height-default\" data-id=\"62a7eaa\" data-element_type=\"section\">\n\t\t\t\t\t\t<div class=\"elementor-container elementor-column-gap-default\">\n\t\t\t\t\t<div class=\"elementor-column elementor-col-50 elementor-top-column elementor-element elementor-element-eea7640\" data-id=\"eea7640\" data-element_type=\"column\">\n\t\t\t<div class=\"elementor-widget-wrap elementor-element-populated\">\n\t\t\t\t\t\t<div class=\"elementor-element elementor-element-a6f28fc elementor-widget elementor-widget-text-editor\" data-id=\"a6f28fc\" data-element_type=\"widget\" data-widget_type=\"text-editor.default\">\n\t\t\t\t<div class=\"elementor-widget-container\">\n\t\t\t\t\t\t\t\t\t<p>Als Pencere sistemleri -H\u00e4ndler bieten wir Service mit fachkundigem Personal und Qualit\u00e4tsprodukten. Als einer der f\u00fchrenden Namen der Branche bieten wir viele Produktmodelle zur Verwendung unter dem Markennamen an. Wenn Sie als H\u00e4ndler fungieren m\u00f6chten, k\u00f6nnen Sie Produkte im Gro\u00dfhandel kaufen und die Produkte unserer Marke verkaufen. Generell bieten wir als fachkundiger Moskitonetz-Hersteller sehr hochwertige Produkte an. Unsere Moskitonetz-Modelle werden h\u00e4ufig bevorzugt, da sie einen hohen Qualit\u00e4tsstandard haben und preisg\u00fcnstig sind. Auf diese Weise lassen sich im Rahmen des Autohauses gute Ums\u00e4tze erzielen.<\/p><h2>Gro\u00dfhandelsprodukte<\/h2><p>Gro\u00dfhandelsprodukte k\u00f6nnen gekauft werden, um als H\u00e4ndler zu fungieren. Unser Unternehmen verkauft viele verschiedene Produkte im Gro\u00dfhandel. Unsere Moskitonetze f\u00fcr den Gro\u00dfhandel zeichnen sich durch ihre Qualit\u00e4t aus. Alle Moskitonetzsysteme k\u00f6nnen zu g\u00fcnstigen Preisen im Gro\u00dfhandel gekauft werden. Gleichzeitig werden von unserem Unternehmen auch die heute weit verbreiteten Gro\u00dfhandelsjalousiensysteme angeboten. Sie k\u00f6nnen Jalousiensysteme in verschiedenen Farben und Modellen zu erschwinglichen Preisen kaufen. Eine weitere unserer Dienstleistungen sind Plissee-Vorhangsysteme f\u00fcr den Gro\u00dfhandel. \u00c4sthetische und stilvolle Plisseevorh\u00e4nge k\u00f6nnen Sie g\u00fcnstig in gro\u00dfen Mengen kaufen.<\/p><h2>Professionelle Fertigung<\/h2><p>Unser Unternehmen stellt die Produkte her, die es zum Verkauf anbietet. Wir sind in der Lage, Gro\u00dfhandelsprodukte an H\u00e4ndler mit der Herstellung von Moskitonetzen auf professionelle Weise zu verkaufen. Im Herstellungsprozess werden Studien mit fortschrittlicher Ausr\u00fcstung und Fachpersonal durchgef\u00fchrt. Auf diese Weise realisieren wir eine professionelle Produktion.<\/p>\t\t\t\t\t\t\t\t<\/div>\n\t\t\t\t<\/div>\n\t\t\t\t\t<\/div>\n\t\t<\/div>\n\t\t\t\t<div class=\"elementor-column elementor-col-50 elementor-top-column elementor-element elementor-element-d4bef97 column-xtra-sticky\" data-id=\"d4bef97\" data-element_type=\"column\">\n\t\t\t<div class=\"elementor-widget-wrap elementor-element-populated\">\n\t\t\t\t\t\t<div class=\"elementor-element elementor-element-ca6df43 elementor-widget-divider--view-line elementor-widget elementor-widget-divider\" data-id=\"ca6df43\" data-element_type=\"widget\" data-widget_type=\"divider.default\">\n\t\t\t\t<div class=\"elementor-widget-container\">\n\t\t\t\t\t\t\t<div class=\"elementor-divider\">\n\t\t\t<span class=\"elementor-divider-separator\">\n\t\t\t\t\t\t<\/span>\n\t\t<\/div>\n\t\t\t\t\t\t<\/div>\n\t\t\t\t<\/div>\n\t\t\t\t<div class=\"elementor-element elementor-element-19c451d elementor-widget elementor-widget-cz_title\" data-id=\"19c451d\" data-element_type=\"widget\" data-widget_type=\"cz_title.default\">\n\t\t\t\t<div class=\"elementor-widget-container\">\n\t\t\t\t\t\t\r\n\t\t<div>\r\n\t\t\t<div class=\"cz_title clr cz_smart_fs cz_title_pos_inline tac\"><div class=\"cz_title_content\"><div class=\"cz_wpe_content\"><h3 style=\"line-height: 1.3; text-align: center;\"><span style=\"font-size: 38px;\">Antragsformular f\u00fcr H\u00e4ndler\n<\/span><\/h3>\n<p style=\"text-align: center;\"><span style=\"color: #aaaaaa; font-size: 20px;\">Bitte best\u00e4tigen Sie unten Ihre Angaben und geben Sie ein...\n<\/span><\/p><\/div><\/div><\/div>\r\n\t\t<\/div>\r\n\t\t\r\n\t\t\t\t\t\t<\/div>\n\t\t\t\t<\/div>\n\t\t\t\t<div class=\"elementor-element elementor-element-e81470c elementor-button-align-stretch elementor-widget elementor-widget-form\" data-id=\"e81470c\" data-element_type=\"widget\" data-settings=\"{&quot;step_next_label&quot;:&quot;Next&quot;,&quot;step_previous_label&quot;:&quot;Previous&quot;,&quot;button_width&quot;:&quot;100&quot;,&quot;step_type&quot;:&quot;number_text&quot;,&quot;step_icon_shape&quot;:&quot;circle&quot;}\" data-widget_type=\"form.default\">\n\t\t\t\t<div class=\"elementor-widget-container\">\n\t\t\t\t\t\t\t<form class=\"elementor-form\" method=\"post\" name=\"Bayilik Formu\">\n\t\t\t<input type=\"hidden\" name=\"post_id\" value=\"7241\"\/>\n\t\t\t<input type=\"hidden\" name=\"form_id\" value=\"e81470c\"\/>\n\t\t\t<input type=\"hidden\" name=\"referer_title\" value=\"\" \/>\n\n\t\t\t\n\t\t\t<div class=\"elementor-form-fields-wrapper elementor-labels-above\">\n\t\t\t\t\t\t\t\t<div class=\"elementor-field-type-text elementor-field-group elementor-column elementor-field-group-name elementor-col-50\">\n\t\t\t\t\t\t\t\t\t\t\t\t\t<input size=\"1\" type=\"text\" name=\"form_fields[name]\" id=\"form-field-name\" class=\"elementor-field elementor-size-sm  elementor-field-textual\" placeholder=\"Vorname Nachname\">\n\t\t\t\t\t\t\t\t\t\t\t<\/div>\n\t\t\t\t\t\t\t\t<div class=\"elementor-field-type-tel elementor-field-group elementor-column elementor-field-group-email elementor-col-50 elementor-field-required\">\n\t\t\t\t\t\t\t<input size=\"1\" type=\"tel\" name=\"form_fields[email]\" id=\"form-field-email\" class=\"elementor-field elementor-size-sm  elementor-field-textual\" placeholder=\"Phone\" required=\"required\" aria-required=\"true\" pattern=\"[0-9()#&amp;+*-=.]+\" title=\"Only numbers and phone characters (#, -, *, etc) are accepted.\">\n\n\t\t\t\t\t\t<\/div>\n\t\t\t\t\t\t\t\t<div class=\"elementor-field-type-email elementor-field-group elementor-column elementor-field-group-field_8702766 elementor-col-50 elementor-field-required\">\n\t\t\t\t\t\t\t\t\t\t\t\t\t<input size=\"1\" type=\"email\" name=\"form_fields[field_8702766]\" id=\"form-field-field_8702766\" class=\"elementor-field elementor-size-sm  elementor-field-textual\" placeholder=\"E-Mail\" required=\"required\" aria-required=\"true\">\n\t\t\t\t\t\t\t\t\t\t\t<\/div>\n\t\t\t\t\t\t\t\t<div class=\"elementor-field-type-text elementor-field-group elementor-column elementor-field-group-field_413edbd elementor-col-50\">\n\t\t\t\t\t\t\t\t\t\t\t\t\t<input size=\"1\" type=\"text\" name=\"form_fields[field_413edbd]\" id=\"form-field-field_413edbd\" class=\"elementor-field elementor-size-sm  elementor-field-textual\" placeholder=\"Stadt\">\n\t\t\t\t\t\t\t\t\t\t\t<\/div>\n\t\t\t\t\t\t\t\t<div class=\"elementor-field-type-textarea elementor-field-group elementor-column elementor-field-group-message elementor-col-100\">\n\t\t\t\t\t<textarea class=\"elementor-field-textual elementor-field  elementor-size-sm\" name=\"form_fields[message]\" id=\"form-field-message\" rows=\"4\" placeholder=\"Ihre Nachricht...\"><\/textarea>\t\t\t\t<\/div>\n\t\t\t\t\t\t\t\t<div class=\"elementor-field-group elementor-column elementor-field-type-submit elementor-col-100 e-form__buttons\">\n\t\t\t\t\t<button type=\"submit\" class=\"elementor-button elementor-size-sm\">\n\t\t\t\t\t\t<span >\n\t\t\t\t\t\t\t\t\t\t\t\t\t\t\t<span class=\" elementor-button-icon\">\n\t\t\t\t\t\t\t\t\t\t\t\t\t\t\t\t\t\t\t\t\t\t\t\t\t\t<\/span>\n\t\t\t\t\t\t\t\t\t\t\t\t\t\t\t\t\t\t\t\t\t\t<span class=\"elementor-button-text\">Sich bewerben!<\/span>\n\t\t\t\t\t\t\t\t\t\t\t\t\t<\/span>\n\t\t\t\t\t<\/button>\n\t\t\t\t<\/div>\n\t\t\t<\/div>\n\t\t<\/form>\n\t\t\t\t\t\t<\/div>\n\t\t\t\t<\/div>\n\t\t\t\t\t<\/div>\n\t\t<\/div>\n\t\t\t\t\t<\/div>\n\t\t<\/section>\n\t\t\t\t<section class=\"elementor-section elementor-top-section elementor-element elementor-element-aaae9f1 elementor-section-boxed elementor-section-height-default elementor-section-height-default\" data-id=\"aaae9f1\" data-element_type=\"section\">\n\t\t\t\t\t\t<div class=\"elementor-container elementor-column-gap-default\">\n\t\t\t\t\t<div class=\"elementor-column elementor-col-100 elementor-top-column elementor-element elementor-element-12e0ba3\" data-id=\"12e0ba3\" data-element_type=\"column\">\n\t\t\t<div class=\"elementor-widget-wrap elementor-element-populated\">\n\t\t\t\t\t\t<div class=\"elementor-element elementor-element-5b0d1a5 elementor-widget elementor-widget-spacer\" data-id=\"5b0d1a5\" data-element_type=\"widget\" data-widget_type=\"spacer.default\">\n\t\t\t\t<div class=\"elementor-widget-container\">\n\t\t\t\t\t\t\t<div class=\"elementor-spacer\">\n\t\t\t<div class=\"elementor-spacer-inner\"><\/div>\n\t\t<\/div>\n\t\t\t\t\t\t<\/div>\n\t\t\t\t<\/div>\n\t\t\t\t\t<\/div>\n\t\t<\/div>\n\t\t\t\t\t<\/div>\n\t\t<\/section>\n\t\t\t\t<\/div>\n\t\t","protected":false},"excerpt":{"rendered":"<p>\u00d6z\u00e7elik Metal H\u00e4ndlerbewerbung Alle unsere anderen Produkte wie nationale und internationale &#8230; <\/p>\n","protected":false},"author":1,"featured_media":0,"parent":0,"menu_order":0,"comment_status":"closed","ping_status":"closed","template":"","meta":{"footnotes":""},"class_list":["post-7241","page","type-page","status-publish","hentry"],"_links":{"self":[{"href":"https:\/\/www.penceresistemleri.com\/de\/wp-json\/wp\/v2\/pages\/7241","targetHints":{"allow":["GET"]}}],"collection":[{"href":"https:\/\/www.penceresistemleri.com\/de\/wp-json\/wp\/v2\/pages"}],"about":[{"href":"https:\/\/www.penceresistemleri.com\/de\/wp-json\/wp\/v2\/types\/page"}],"author":[{"embeddable":true,"href":"https:\/\/www.penceresistemleri.com\/de\/wp-json\/wp\/v2\/users\/1"}],"replies":[{"embeddable":true,"href":"https:\/\/www.penceresistemleri.com\/de\/wp-json\/wp\/v2\/comments?post=7241"}],"version-history":[{"count":0,"href":"https:\/\/www.penceresistemleri.com\/de\/wp-json\/wp\/v2\/pages\/7241\/revisions"}],"wp:attachment":[{"href":"https:\/\/www.penceresistemleri.com\/de\/wp-json\/wp\/v2\/media?parent=7241"}],"curies":[{"name":"wp","href":"https:\/\/api.w.org\/{rel}","templated":true}]}}