{"id":7235,"date":"2022-03-11T04:27:02","date_gmt":"2022-03-11T01:27:02","guid":{"rendered":"https:\/\/www.penceresistemleri.com\/jaluzi-sistemleri\/"},"modified":"2023-03-23T22:29:43","modified_gmt":"2023-03-23T19:29:43","slug":"blinde-systeme","status":"publish","type":"page","link":"https:\/\/www.penceresistemleri.com\/de\/blinde-systeme\/","title":{"rendered":"Blinde Systeme"},"content":{"rendered":"\t\t<div data-elementor-type=\"wp-page\" data-elementor-id=\"7235\" class=\"elementor elementor-7235\">\n\t\t\t\t\t\t<section class=\"elementor-section elementor-top-section elementor-element elementor-element-0a21bf1 elementor-section-boxed elementor-section-height-default elementor-section-height-default\" data-id=\"0a21bf1\" data-element_type=\"section\">\n\t\t\t\t\t\t<div class=\"elementor-container elementor-column-gap-default\">\n\t\t\t\t\t<div class=\"elementor-column elementor-col-100 elementor-top-column elementor-element elementor-element-6d59b09\" data-id=\"6d59b09\" data-element_type=\"column\">\n\t\t\t<div class=\"elementor-widget-wrap elementor-element-populated\">\n\t\t\t\t\t\t<div class=\"elementor-element elementor-element-575559d elementor-widget elementor-widget-cz_product_category\" data-id=\"575559d\" data-element_type=\"widget\" data-widget_type=\"cz_product_category.default\">\n\t\t\t\t<div class=\"elementor-widget-container\">\n\t\t\t\t\t<div class=\"woocommerce columns-3 \"><ul class=\"products columns-3\">\n<li class=\"product type-product post-7176 status-publish first instock product_cat-blinde-systeme has-post-thumbnail shipping-taxable product-type-simple\">\n\t<div class=\"xtra-product-thumbnail\"><\/div><\/li>\n<li class=\"product type-product post-7177 status-publish instock product_cat-blinde-systeme has-post-thumbnail shipping-taxable product-type-simple\">\n\t<div class=\"xtra-product-thumbnail\"><\/div><\/li>\n<li class=\"product type-product post-7179 status-publish last instock product_cat-blinde-systeme has-post-thumbnail shipping-taxable product-type-simple\">\n\t<div class=\"xtra-product-thumbnail\"><\/div><\/li>\n<li class=\"product type-product post-7182 status-publish first instock product_cat-blinde-systeme has-post-thumbnail shipping-taxable product-type-simple\">\n\t<div class=\"xtra-product-thumbnail\"><\/div><\/li>\n<li class=\"product type-product post-7183 status-publish instock product_cat-blinde-systeme has-post-thumbnail shipping-taxable product-type-simple\">\n\t<div class=\"xtra-product-thumbnail\"><\/div><\/li>\n<\/ul>\n<\/div>\t\t\t\t<\/div>\n\t\t\t\t<\/div>\n\t\t\t\t\t<\/div>\n\t\t<\/div>\n\t\t\t\t\t<\/div>\n\t\t<\/section>\n\t\t\t\t<section class=\"elementor-section elementor-top-section elementor-element elementor-element-dde01ab elementor-section-boxed elementor-section-height-default elementor-section-height-default\" data-id=\"dde01ab\" data-element_type=\"section\">\n\t\t\t\t\t\t<div class=\"elementor-container elementor-column-gap-default\">\n\t\t\t\t\t<div class=\"elementor-column elementor-col-100 elementor-top-column elementor-element elementor-element-e2c02a5\" data-id=\"e2c02a5\" data-element_type=\"column\">\n\t\t\t<div class=\"elementor-widget-wrap elementor-element-populated\">\n\t\t\t\t\t\t<div class=\"elementor-element elementor-element-22fd456 elementor-widget elementor-widget-text-editor\" data-id=\"22fd456\" data-element_type=\"widget\" data-widget_type=\"text-editor.default\">\n\t\t\t\t<div class=\"elementor-widget-container\">\n\t\t\t\t\t\t\t\t\t<p>Blinde Systeme<\/p><p>Jalousiesysteme sind eine der beliebtesten Arten von Fensterabdeckungen. Sie werden auch als Rollos oder Akkordeon-Jalousien bezeichnet. Jalousien: Jalousien sind eine Art Fensterabdeckung, die aus vertikalen Lamellen besteht, die mit einem Seil oder einer Rolle ge\u00f6ffnet und geschlossen werden k\u00f6nnen.<\/p><p>Jalousietypen: Das Jalousiesystem ist ein System, das das \u00d6ffnen und Schlie\u00dfen von Jalousien steuert. Es wird h\u00e4ufig in gewerblichen Geb\u00e4uden wie Einkaufszentren und Hotels sowie in Wohnh\u00e4usern eingesetzt. Viele verschiedene Produkte werden von unserem Unternehmen unter dem Markennamen Pencere sistemleri angeboten. Diese Produkte werden von uns sowohl in verschiedenen Modellen als auch in verschiedenen Blindgr\u00f6\u00dfen hergestellt. Es wird dann zu erschwinglichen Preisen zum Verkauf angeboten. Unter den Herstellern von Jalousien zeichnen wir uns durch hohe Qualit\u00e4t und g\u00fcnstigen Preis aus.<\/p><p>Wo werden Jalousien verwendet?<br \/>Jalousien-Vorhangmodelle sind eine der am h\u00e4ufigsten verwendeten Fensterabdeckungen in H\u00e4usern. Jalousien bestehen aus einer Reihe von Lamellen, die sich horizontal und vertikal bewegen, um den Lichtdurchgang zu blockieren. Die von uns angebotenen Jalousienmodelle k\u00f6nnen mit einzelnen Lamellen oder mehreren Lamellen hergestellt werden. Unsere Produkte werden in der Regel von Fachleuten installiert und sind in verschiedenen Ausf\u00fchrungen erh\u00e4ltlich, z. B. Rollos, Vertikaljalousien, Vorh\u00e4nge und Rollos. Der Preis der Jalousien, die wir f\u00fcr unsere Produkte anwenden, variiert je nach Modell.<\/p><p>Dabei variiert der zu zahlende Preis je nach Modell, das Sie erwerben m\u00f6chten. Rolll\u00e4den k\u00f6nnen eine gro\u00dfartige M\u00f6glichkeit sein, jedem Raum etwas Stil und W\u00e4rme zu verleihen, aber sie k\u00f6nnen auch als M\u00f6glichkeit verwendet werden, etwas Privatsph\u00e4re zu schaffen. Jalousien sind beliebt, da sie in so vielen verschiedenen Farben, Formen und Designs erh\u00e4ltlich sind, dass Sie etwas nach Ihrem Geschmack finden k\u00f6nnen. Unsere Firma stellt Jalousien in jedem Modell her.<\/p><p>Langlebige Jalousien<br \/>Jalousien funktionieren, indem sie die Sicht von au\u00dferhalb Ihres Fensters blockieren, w\u00e4hrend Licht von innen in den Raum eindringt. Unser Unternehmen, das sich unter den Herstellern von Jalousien auszeichnet, bietet qualitativ hochwertige Dienstleistungen an. Unsere Produkte bestehen aus einem Material, das auf der einen Seite transparent und auf der anderen Seite undurchsichtig ist. Sie werden verwendet, um Privatsph\u00e4re oder Lichtsteuerung in einem Raum bereitzustellen. Wir bieten immer eine hohe Kundenzufriedenheit mit unserer Qualit\u00e4t unter den Jalousienunternehmen. Unsere Produkte sind bekannt f\u00fcr ihre Langlebigkeit und Wirksamkeit.<\/p><p>Es ist au\u00dferdem einfach zu installieren und zu warten, was es zu einer attraktiven Option f\u00fcr Hausbesitzer macht. Dar\u00fcber hinaus bieten wir erschwingliche Optionen in Bezug auf die Preise f\u00fcr Jalousienvorh\u00e4nge. Die Produkte unseres Jalousienherstellers k\u00f6nnen im ganzen Haus eingesetzt werden, wie Schlafzimmer, Wohnzimmer, Badezimmer, K\u00fcche, Flur und mehr. Wir haben viele Produktmodelle wie Kunststoffjalousien.<\/p><p>Preisg\u00fcnstige Jalousien<br \/>Jalousievorh\u00e4nge sind eine Vielzahl von Vorh\u00e4ngen, die in den unterschiedlichsten Bereichen eingesetzt werden k\u00f6nnen. Sie k\u00f6nnen im Schlafzimmer, Wohnzimmer und sogar im Badezimmer verwendet werden. Unser Unternehmen, das zu den Jalousienherstellern geh\u00f6rt, ist in diesem Bereich sehr beliebt.<\/p><p>Die von uns angebotenen Jalousien stehen mit ihren erschwinglichen Preisen an der Spitze. Jalousien haben viele verschiedene Eigenschaften, die ihren Preis lohnenswert machen. Sie sind aus hochwertigen Materialien gefertigt und zeichnen sich durch starke Haltbarkeit und Vielseitigkeit aus. Es ist m\u00f6glich, mit geeigneten Jalousieglaspreisen zu verwenden.<\/p>\t\t\t\t\t\t\t\t<\/div>\n\t\t\t\t<\/div>\n\t\t\t\t\t<\/div>\n\t\t<\/div>\n\t\t\t\t\t<\/div>\n\t\t<\/section>\n\t\t\t\t<\/div>\n\t\t","protected":false},"excerpt":{"rendered":"<p>25 mm Ah\u015fap Jaluzi 35 mm Ah\u015fap Jaluzi 50 mm Ah\u015fap &#8230; <\/p>\n","protected":false},"author":1,"featured_media":0,"parent":0,"menu_order":0,"comment_status":"closed","ping_status":"closed","template":"","meta":{"footnotes":""},"class_list":["post-7235","page","type-page","status-publish","hentry"],"_links":{"self":[{"href":"https:\/\/www.penceresistemleri.com\/de\/wp-json\/wp\/v2\/pages\/7235","targetHints":{"allow":["GET"]}}],"collection":[{"href":"https:\/\/www.penceresistemleri.com\/de\/wp-json\/wp\/v2\/pages"}],"about":[{"href":"https:\/\/www.penceresistemleri.com\/de\/wp-json\/wp\/v2\/types\/page"}],"author":[{"embeddable":true,"href":"https:\/\/www.penceresistemleri.com\/de\/wp-json\/wp\/v2\/users\/1"}],"replies":[{"embeddable":true,"href":"https:\/\/www.penceresistemleri.com\/de\/wp-json\/wp\/v2\/comments?post=7235"}],"version-history":[{"count":0,"href":"https:\/\/www.penceresistemleri.com\/de\/wp-json\/wp\/v2\/pages\/7235\/revisions"}],"wp:attachment":[{"href":"https:\/\/www.penceresistemleri.com\/de\/wp-json\/wp\/v2\/media?parent=7235"}],"curies":[{"name":"wp","href":"https:\/\/api.w.org\/{rel}","templated":true}]}}