{"id":7234,"date":"2022-03-11T04:26:51","date_gmt":"2022-03-11T01:26:51","guid":{"rendered":"https:\/\/www.penceresistemleri.com\/plise-perde-sistemleri\/"},"modified":"2023-03-23T22:26:46","modified_gmt":"2023-03-23T19:26:46","slug":"plissee-vorhang-systeme","status":"publish","type":"page","link":"https:\/\/www.penceresistemleri.com\/de\/plissee-vorhang-systeme\/","title":{"rendered":"Plissee-Vorhang Systeme"},"content":{"rendered":"\t\t<div data-elementor-type=\"wp-page\" data-elementor-id=\"7234\" class=\"elementor elementor-7234\">\n\t\t\t\t\t\t<section class=\"elementor-section elementor-top-section elementor-element elementor-element-05e54c2 elementor-section-boxed elementor-section-height-default elementor-section-height-default\" data-id=\"05e54c2\" data-element_type=\"section\">\n\t\t\t\t\t\t<div class=\"elementor-container elementor-column-gap-default\">\n\t\t\t\t\t<div class=\"elementor-column elementor-col-100 elementor-top-column elementor-element elementor-element-71346de\" data-id=\"71346de\" data-element_type=\"column\">\n\t\t\t<div class=\"elementor-widget-wrap elementor-element-populated\">\n\t\t\t\t\t\t<div class=\"elementor-element elementor-element-fef0be1 elementor-widget elementor-widget-cz_product_category\" data-id=\"fef0be1\" data-element_type=\"widget\" data-widget_type=\"cz_product_category.default\">\n\t\t\t\t<div class=\"elementor-widget-container\">\n\t\t\t\t\t<div class=\"woocommerce columns-3 \"><ul class=\"products columns-3\">\n<li class=\"product type-product post-7185 status-publish first instock product_cat-plissee-vorhang-systeme has-post-thumbnail shipping-taxable product-type-simple\">\n\t<div class=\"xtra-product-thumbnail\"><\/div><\/li>\n<li class=\"product type-product post-7187 status-publish instock product_cat-plissee-vorhang-systeme has-post-thumbnail shipping-taxable product-type-simple\">\n\t<div class=\"xtra-product-thumbnail\"><\/div><\/li>\n<li class=\"product type-product post-7189 status-publish last instock product_cat-plissee-vorhang-systeme has-post-thumbnail shipping-taxable product-type-simple\">\n\t<div class=\"xtra-product-thumbnail\"><\/div><\/li>\n<li class=\"product type-product post-7205 status-publish first instock product_cat-plissee-vorhang-systeme has-post-thumbnail shipping-taxable product-type-simple\">\n\t<div class=\"xtra-product-thumbnail\"><\/div><\/li>\n<\/ul>\n<\/div>\t\t\t\t<\/div>\n\t\t\t\t<\/div>\n\t\t\t\t\t<\/div>\n\t\t<\/div>\n\t\t\t\t\t<\/div>\n\t\t<\/section>\n\t\t\t\t<section class=\"elementor-section elementor-top-section elementor-element elementor-element-6f1c823 elementor-section-boxed elementor-section-height-default elementor-section-height-default\" data-id=\"6f1c823\" data-element_type=\"section\">\n\t\t\t\t\t\t<div class=\"elementor-container elementor-column-gap-default\">\n\t\t\t\t\t<div class=\"elementor-column elementor-col-100 elementor-top-column elementor-element elementor-element-602b9f2\" data-id=\"602b9f2\" data-element_type=\"column\">\n\t\t\t<div class=\"elementor-widget-wrap elementor-element-populated\">\n\t\t\t\t\t\t<div class=\"elementor-element elementor-element-ad747b2 elementor-widget elementor-widget-text-editor\" data-id=\"ad747b2\" data-element_type=\"widget\" data-widget_type=\"text-editor.default\">\n\t\t\t\t<div class=\"elementor-widget-container\">\n\t\t\t\t\t\t\t\t\t<p>Plissee-Vorhangsysteme<\/p><p>Plissee-Vorhangsysteme sind eine einzigartige Art von Vorh\u00e4ngen aus Polyestergewebe. Sie werden hergestellt, indem der Stoff auf eine bestimmte Weise gefaltet wird, um Falten zu erzeugen. Diese Falten werden dann auf den Stoff gen\u00e4ht und dann wird der Stoff geschnitten, um ein Muster zu erzeugen. Diese Falten k\u00f6nnen f\u00fcr eine Vielzahl von Zwecken verwendet werden, z. B. um einem Raum Muster und Texturen hinzuzuf\u00fcgen, Privatsph\u00e4re zu schaffen oder Licht daran zu hindern, in einen Raum einzudringen.<\/p><p>Die einzigartigen Eigenschaften von Plissee-Vorh\u00e4ngen sind, dass sie, obwohl sie im Allgemeinen zart und leicht sind, von h\u00f6herer Qualit\u00e4t sind als andere Arten von Vorh\u00e4ngen. Wir bieten viele verschiedene Produktoptionen von Pencere Sistemleri an. Wir bedienen diejenigen, die diese Vorh\u00e4nge ben\u00f6tigen, mit den besten Produkten. Bei unserer breiten Produktpalette haben Sie die M\u00f6glichkeit, zwischen verschiedenen Plissee-Vorhangmodellen zu w\u00e4hlen.<\/p><p>Wo werden Plissee-Vorh\u00e4nge verwendet?<br \/>Plissee-Vorh\u00e4nge werden im Allgemeinen in Wohnungen und B\u00fcros f\u00fcr Ambiente- oder Dekorationszwecke verwendet. Sie k\u00f6nnen verwendet werden, um in Winterg\u00e4rten und an anderen Orten ein Gef\u00fchl von W\u00e4rme zu erzeugen. Plissee-Vorh\u00e4nge bestehen aus Stoff, der mit F\u00e4den gefaltet und einfach zu verwenden ist. Die von uns angebotenen Plissee-Gardinenarten sind f\u00fcr den Einsatz in vielen Bereichen geeignet. Gleichzeitig k\u00f6nnen dank der gro\u00dfen Vielfalt raumgerechte Gestaltungen bevorzugt werden. Die von unserem Unternehmen angebotenen Plissee-Gardinenfarben sind sehr vielf\u00e4ltig.<\/p><p>Wir haben viele M\u00f6glichkeiten, von lebendigen und interessanten Farben bis hin zu einfachen und schlichten Farben. Plissee-Vorh\u00e4nge k\u00f6nnen mithilfe der Laschen oder Schlaufen an der Ober- und Unterseite jeder Falte so eingestellt werden, dass sie in der gew\u00fcnschten H\u00f6he oder Tiefe bleiben. Der in unseren Produkten verwendete plissierte Vorhangstoff ist von hoher Qualit\u00e4t und bietet ein \u00e4u\u00dferst \u00e4sthetisches Erscheinungsbild.<\/p><p>Professionelle Faltenvorhangproduktion<br \/>Plisseevorh\u00e4nge sind mit allen Fenstern kompatibel. Sie k\u00f6nnen in allen Arten von engen, trapezf\u00f6rmigen und verwinkelten R\u00e4umen eingesetzt werden. Es ist heute eines der am h\u00e4ufigsten verwendeten Produkte. Unser Unternehmen, das zu den Herstellern von Plissee-Vorh\u00e4ngen geh\u00f6rt, ist auf diesem Gebiet f\u00fchrend. Wir sind ein Unternehmen, das mit seinem Fachpersonal und hochwertigen Stoffen sowohl langlebige als auch langlebige Produkte anbietet.<\/p><p>Wir bieten eine Reihe langlebiger und langlebiger Produkte, die perfekt f\u00fcr Ihr Zuhause oder Ihr Gesch\u00e4ft sind. Die Produktion von Plissee-Vorh\u00e4ngen ist in unserem Unternehmen in kurzer Zeit abgeschlossen und die Produkte werden in kurzer Zeit an den Benutzer geliefert. Gleichzeitig achten wir bei allen von uns angebotenen Vorhangmodellen auf hohe Qualit\u00e4tsstandards. In der Produktion bevorzugen wir hochwertige plissierte Vorhangstoffe.<\/p><p>Vorteile von Plissee-Vorh\u00e4ngen<br \/>Plissee-Fliegengitter bieten in vielerlei Hinsicht Vorteile. Die von uns angebotenen Produkte nehmen Staub oder Schmutz nicht so leicht auf. Gleichzeitig gibt es breite Optionen wie Plissee-Vorhangglasbalkon. Einer der wichtigsten Vorteile der Produkte ist ihre Flammbest\u00e4ndigkeit. Es ist auch wirksam, um das Haus wohnlicher zu machen, indem es die Sch\u00e4dlinge fernh\u00e4lt.<\/p><p>In diesem Bereich bieten wir Ihnen ein breites Leistungsspektrum zu g\u00fcnstigen Plissee-Preisen. Wir produzieren die genauesten Produkte, indem wir die Messungen vornehmen. Wenn Sie sich fragen, wie Sie den Faltenvorhang messen k\u00f6nnen, ist es hilfreich zu wissen, dass unser Personal diese Verfahren durchf\u00fchrt.<br \/>\u00d6z\u00e7elik Metal.<\/p>\t\t\t\t\t\t\t\t<\/div>\n\t\t\t\t<\/div>\n\t\t\t\t\t<\/div>\n\t\t<\/div>\n\t\t\t\t\t<\/div>\n\t\t<\/section>\n\t\t\t\t<\/div>\n\t\t","protected":false},"excerpt":{"rendered":"<p>14 mm Plise Perde Sistemleri 20 mm Plise Perde Sistemleri D\u00fcet &#8230; <\/p>\n","protected":false},"author":1,"featured_media":0,"parent":0,"menu_order":0,"comment_status":"closed","ping_status":"closed","template":"","meta":{"footnotes":""},"class_list":["post-7234","page","type-page","status-publish","hentry"],"_links":{"self":[{"href":"https:\/\/www.penceresistemleri.com\/de\/wp-json\/wp\/v2\/pages\/7234","targetHints":{"allow":["GET"]}}],"collection":[{"href":"https:\/\/www.penceresistemleri.com\/de\/wp-json\/wp\/v2\/pages"}],"about":[{"href":"https:\/\/www.penceresistemleri.com\/de\/wp-json\/wp\/v2\/types\/page"}],"author":[{"embeddable":true,"href":"https:\/\/www.penceresistemleri.com\/de\/wp-json\/wp\/v2\/users\/1"}],"replies":[{"embeddable":true,"href":"https:\/\/www.penceresistemleri.com\/de\/wp-json\/wp\/v2\/comments?post=7234"}],"version-history":[{"count":0,"href":"https:\/\/www.penceresistemleri.com\/de\/wp-json\/wp\/v2\/pages\/7234\/revisions"}],"wp:attachment":[{"href":"https:\/\/www.penceresistemleri.com\/de\/wp-json\/wp\/v2\/media?parent=7234"}],"curies":[{"name":"wp","href":"https:\/\/api.w.org\/{rel}","templated":true}]}}