{"id":7233,"date":"2022-03-11T04:26:42","date_gmt":"2022-03-11T01:26:42","guid":{"rendered":"https:\/\/www.penceresistemleri.com\/sineklik-sistemleri\/"},"modified":"2023-03-23T22:29:28","modified_gmt":"2023-03-23T19:29:28","slug":"fliegengitter-systeme","status":"publish","type":"page","link":"https:\/\/www.penceresistemleri.com\/de\/fliegengitter-systeme\/","title":{"rendered":"Fliegengitter Systeme"},"content":{"rendered":"\t\t<div data-elementor-type=\"wp-page\" data-elementor-id=\"7233\" class=\"elementor elementor-7233\">\n\t\t\t\t\t\t<section class=\"elementor-section elementor-top-section elementor-element elementor-element-1a7645b elementor-section-boxed elementor-section-height-default elementor-section-height-default\" data-id=\"1a7645b\" data-element_type=\"section\">\n\t\t\t\t\t\t<div class=\"elementor-container elementor-column-gap-default\">\n\t\t\t\t\t<div class=\"elementor-column elementor-col-100 elementor-top-column elementor-element elementor-element-a7aa4cc\" data-id=\"a7aa4cc\" data-element_type=\"column\">\n\t\t\t<div class=\"elementor-widget-wrap elementor-element-populated\">\n\t\t\t\t\t\t<div class=\"elementor-element elementor-element-bdd1bb8 elementor-widget elementor-widget-cz_product_category\" data-id=\"bdd1bb8\" data-element_type=\"widget\" data-widget_type=\"cz_product_category.default\">\n\t\t\t\t<div class=\"elementor-widget-container\">\n\t\t\t\t\t<div class=\"woocommerce columns-3 \"><ul class=\"products columns-3\">\n<li class=\"product type-product post-7213 status-publish first instock product_cat-fliegengitter-systeme has-post-thumbnail shipping-taxable product-type-simple\">\n\t<div class=\"xtra-product-thumbnail\"><\/div><\/li>\n<li class=\"product type-product post-7166 status-publish instock product_cat-fliegengitter-systeme has-post-thumbnail shipping-taxable product-type-simple\">\n\t<div class=\"xtra-product-thumbnail\"><\/div><\/li>\n<li class=\"product type-product post-7203 status-publish last instock product_cat-fliegengitter-systeme has-post-thumbnail shipping-taxable product-type-simple\">\n\t<div class=\"xtra-product-thumbnail\"><\/div><\/li>\n<li class=\"product type-product post-7201 status-publish first instock product_cat-fliegengitter-systeme has-post-thumbnail shipping-taxable product-type-simple\">\n\t<div class=\"xtra-product-thumbnail\"><\/div><\/li>\n<li class=\"product type-product post-7219 status-publish instock product_cat-fliegengitter-systeme has-post-thumbnail shipping-taxable product-type-simple\">\n\t<div class=\"xtra-product-thumbnail\"><\/div><\/li>\n<li class=\"product type-product post-7173 status-publish last instock product_cat-fliegengitter-systeme has-post-thumbnail shipping-taxable product-type-simple\">\n\t<div class=\"xtra-product-thumbnail\"><\/div><\/li>\n<li class=\"product type-product post-7167 status-publish first instock product_cat-fliegengitter-systeme has-post-thumbnail shipping-taxable product-type-simple\">\n\t<div class=\"xtra-product-thumbnail\"><\/div><\/li>\n<li class=\"product type-product post-7191 status-publish instock product_cat-fliegengitter-systeme has-post-thumbnail shipping-taxable product-type-simple\">\n\t<div class=\"xtra-product-thumbnail\"><\/div><\/li>\n<li class=\"product type-product post-7169 status-publish last instock product_cat-fliegengitter-systeme has-post-thumbnail shipping-taxable product-type-simple\">\n\t<div class=\"xtra-product-thumbnail\"><\/div><\/li>\n<li class=\"product type-product post-7197 status-publish first instock product_cat-fliegengitter-systeme has-post-thumbnail shipping-taxable product-type-simple\">\n\t<div class=\"xtra-product-thumbnail\"><\/div><\/li>\n<li class=\"product type-product post-7193 status-publish instock product_cat-fliegengitter-systeme has-post-thumbnail shipping-taxable product-type-simple\">\n\t<div class=\"xtra-product-thumbnail\"><\/div><\/li>\n<li class=\"product type-product post-7199 status-publish last instock product_cat-fliegengitter-systeme has-post-thumbnail shipping-taxable product-type-simple\">\n\t<div class=\"xtra-product-thumbnail\"><\/div><\/li>\n<li class=\"product type-product post-7195 status-publish first instock product_cat-fliegengitter-systeme has-post-thumbnail shipping-taxable product-type-simple\">\n\t<div class=\"xtra-product-thumbnail\"><\/div><\/li>\n<li class=\"product type-product post-7215 status-publish instock product_cat-fliegengitter-systeme has-post-thumbnail shipping-taxable product-type-simple\">\n\t<div class=\"xtra-product-thumbnail\"><\/div><\/li>\n<li class=\"product type-product post-7217 status-publish last instock product_cat-fliegengitter-systeme has-post-thumbnail shipping-taxable product-type-simple\">\n\t<div class=\"xtra-product-thumbnail\"><\/div><\/li>\n<li class=\"product type-product post-7225 status-publish first instock product_cat-fliegengitter-systeme has-post-thumbnail shipping-taxable product-type-simple\">\n\t<div class=\"xtra-product-thumbnail\"><\/div><\/li>\n<li class=\"product type-product post-7221 status-publish instock product_cat-fliegengitter-systeme has-post-thumbnail shipping-taxable product-type-simple\">\n\t<div class=\"xtra-product-thumbnail\"><\/div><\/li>\n<li class=\"product type-product post-7207 status-publish last instock product_cat-fliegengitter-systeme has-post-thumbnail shipping-taxable product-type-simple\">\n\t<div class=\"xtra-product-thumbnail\"><\/div><\/li>\n<li class=\"product type-product post-7209 status-publish first instock product_cat-fliegengitter-systeme has-post-thumbnail shipping-taxable product-type-simple\">\n\t<div class=\"xtra-product-thumbnail\"><\/div><\/li>\n<li class=\"product type-product post-7211 status-publish instock product_cat-fliegengitter-systeme has-post-thumbnail shipping-taxable product-type-simple\">\n\t<div class=\"xtra-product-thumbnail\"><\/div><\/li>\n<li class=\"product type-product post-7223 status-publish last instock product_cat-fliegengitter-systeme has-post-thumbnail shipping-taxable product-type-simple\">\n\t<div class=\"xtra-product-thumbnail\"><\/div><\/li>\n<li class=\"product type-product post-7171 status-publish first instock product_cat-fliegengitter-systeme has-post-thumbnail shipping-taxable product-type-simple\">\n\t<div class=\"xtra-product-thumbnail\"><\/div><\/li>\n<\/ul>\n<\/div>\t\t\t\t<\/div>\n\t\t\t\t<\/div>\n\t\t\t\t\t<\/div>\n\t\t<\/div>\n\t\t\t\t\t<\/div>\n\t\t<\/section>\n\t\t\t\t<section class=\"elementor-section elementor-top-section elementor-element elementor-element-fdc81e0 elementor-section-boxed elementor-section-height-default elementor-section-height-default\" data-id=\"fdc81e0\" data-element_type=\"section\">\n\t\t\t\t\t\t<div class=\"elementor-container elementor-column-gap-default\">\n\t\t\t\t\t<div class=\"elementor-column elementor-col-100 elementor-top-column elementor-element elementor-element-6cf773d\" data-id=\"6cf773d\" data-element_type=\"column\">\n\t\t\t<div class=\"elementor-widget-wrap elementor-element-populated\">\n\t\t\t\t\t\t<div class=\"elementor-element elementor-element-0d1839a elementor-widget elementor-widget-text-editor\" data-id=\"0d1839a\" data-element_type=\"widget\" data-widget_type=\"text-editor.default\">\n\t\t\t\t<div class=\"elementor-widget-container\">\n\t\t\t\t\t\t\t\t\t<p>Fliegengitter Systeme<\/p><p>Fliegengitter Systeme bestehen normalerweise aus einem einzigen Blatt oder Netz, das an einem Rahmen befestigt und in die Luft geh\u00e4ngt wird, um den dringend ben\u00f6tigten Schutz vor M\u00fccken zu bieten. Unser Unternehmen bietet Ihnen viele verschiedene Modelle dieser Produkte an. Unser Unternehmen bietet Produkte an, die kosteng\u00fcnstig, einfach zu installieren und zu verwenden sind und an Fenster oder T\u00fcren jeder Gr\u00f6\u00dfe angepasst werden k\u00f6nnen, und bietet einen Bestellservice f\u00fcr Fliegengitter.<\/p><p>Als einer der f\u00fchrenden Namen der Branche produziert unser Unternehmen verschiedene Produktmodelle. Moskitonetze werden hergestellt, indem Garne aus nat\u00fcrlichem oder synthetischem Material zu einem Netz kombiniert werden. Bei Naturmaterialien werden die Fasern meist aus der inneren Rinde von B\u00e4umen gewonnen. Synthetische F\u00e4den sind normalerweise Polypropylen oder Polyester. In der Regel l\u00e4uft die Fliegengitterproduktion so ab.<\/p><p>Verschiedene Fliegengitter Systeme<br \/>Unser Unternehmen bietet verschiedene Fliegengitteroptionen an. Balkon-Moskitonetzsysteme sind eine Art Fenstervorhang mit in Maschen geschnittenen vertikalen Jalousien. Die Lamellen lassen Luft durch das Netz str\u00f6men und verhindern gleichzeitig das Eindringen von Insekten. Diese Art von Bildschirm wird am h\u00e4ufigsten in hohen Geb\u00e4uden und anderen Orten verwendet, an denen Menschen in der N\u00e4he von Au\u00dfenbereichen leben. PVC-Moskitonetze r\u00fccken heute als eines unserer h\u00e4ufig verwendeten Produkte in den Vordergrund.<\/p><p>Diese Produkte werden sowohl zu qualitativ hochwertigen als auch zu erschwinglichen Preisen f\u00fcr PVC-Moskitonetze angeboten. Der von unserem Unternehmen angebotene Produktionsprozess ist komplex, aber der wichtigste Teil ist das Weben des Gewebes. Weber sind f\u00fcr das Design und den Aufbau des Gewebes verantwortlich und m\u00fcssen sicherstellen, dass das Muster so gewebt wird, dass es sich w\u00e4hrend des Gebrauchs nicht aufl\u00f6st. Unser Unternehmen hebt sich von den professionellen Moskitonetzherstellern ab.<\/p><p>Wie hoch sind die Preise f\u00fcr Fliegengitter Systeme?<br \/>Die Preise f\u00fcr Moskitonetzsysteme unterscheiden sich je nach Netzgr\u00f6\u00dfe, Netzart und Material. Moskitonetze bestehen in der Regel aus Polyester oder Polyethylen. Die Gr\u00f6\u00dfe unseres Produkts h\u00e4ngt von der Anzahl der Quadratmeter ab, die es bedeckt. Ein Produktpreis wird dadurch bestimmt, wie viele Quadratmeter ein Netz bedeckt. Viele Produkte wie Fliegengitter Systeme aus Glas werden von unserem Unternehmen mit g\u00fcnstigen Preisoptionen angeboten.<\/p><p>Auf diese Weise wird sichergestellt, dass jeder, der es braucht, von Moskitonetzen profitieren kann. Zu den von uns angebotenen Produkten geh\u00f6ren automatische Moskitonetzsysteme und viele andere \u00e4hnliche Produkte. Wir heben uns in der Branche durch unsere verschiedenen Modelle ab, die f\u00fcr jeden Bedarf geeignet sind. In diesem Zusammenhang erfreuen sich motorisierte Moskitonetzsysteme aus den von uns angebotenen Modellen gro\u00dfer Beliebtheit.<\/p><p>Fliegengitter in jedem Modell<br \/>Mit Produkten der Marke \u00d6z\u00e7elik Metal bieten wir Ihnen Moskitonetze in jedem Modell. Das plissierte Moskitonetzsystem ist so konzipiert, dass es Luft von oben und unten einl\u00e4sst und gleichzeitig das Eindringen von Insekten und anderen Sch\u00e4dlingen verhindert. Es wird normalerweise unter Windows installiert. Plissee-Fliegengitter Systeme sind ein System, das zur Steuerung des Luftstroms in einem Geb\u00e4ude oder anderen geschlossenen R\u00e4umen verwendet wird.<\/p><p>Das Produkt besteht normalerweise aus einem leichten Stoff und wird aneinander und an der Wand, am Fenster des Geb\u00e4udes befestigt, der Stoff wird fest gezogen, um eine Reihe von Falten zu bilden. Dar\u00fcber hinaus haben wir auch verschiedene Produktoptionen wie plissierte Moskitonetzsysteme. Mit unserer breiten Produktpalette bieten wir jedem unserer Kunden die besten Produkte.<\/p>\t\t\t\t\t\t\t\t<\/div>\n\t\t\t\t<\/div>\n\t\t\t\t\t<\/div>\n\t\t<\/div>\n\t\t\t\t\t<\/div>\n\t\t<\/section>\n\t\t\t\t<\/div>\n\t\t","protected":false},"excerpt":{"rendered":"<p>1,6 cm E\u015fiksiz Gezer Plise Sineklik Sistemleri 18 mm Duble Sineklik &#8230; <\/p>\n","protected":false},"author":1,"featured_media":0,"parent":0,"menu_order":0,"comment_status":"closed","ping_status":"closed","template":"","meta":{"footnotes":""},"class_list":["post-7233","page","type-page","status-publish","hentry"],"_links":{"self":[{"href":"https:\/\/www.penceresistemleri.com\/de\/wp-json\/wp\/v2\/pages\/7233","targetHints":{"allow":["GET"]}}],"collection":[{"href":"https:\/\/www.penceresistemleri.com\/de\/wp-json\/wp\/v2\/pages"}],"about":[{"href":"https:\/\/www.penceresistemleri.com\/de\/wp-json\/wp\/v2\/types\/page"}],"author":[{"embeddable":true,"href":"https:\/\/www.penceresistemleri.com\/de\/wp-json\/wp\/v2\/users\/1"}],"replies":[{"embeddable":true,"href":"https:\/\/www.penceresistemleri.com\/de\/wp-json\/wp\/v2\/comments?post=7233"}],"version-history":[{"count":0,"href":"https:\/\/www.penceresistemleri.com\/de\/wp-json\/wp\/v2\/pages\/7233\/revisions"}],"wp:attachment":[{"href":"https:\/\/www.penceresistemleri.com\/de\/wp-json\/wp\/v2\/media?parent=7233"}],"curies":[{"name":"wp","href":"https:\/\/api.w.org\/{rel}","templated":true}]}}