{"id":7232,"date":"2018-05-29T11:13:24","date_gmt":"2018-05-29T08:13:24","guid":{"rendered":"https:\/\/www.penceresistemleri.com\/sikca-sorulan-sorular\/"},"modified":"2022-08-31T02:33:29","modified_gmt":"2022-08-30T23:33:29","slug":"haeufig-gestellte-fragen","status":"publish","type":"page","link":"https:\/\/www.penceresistemleri.com\/de\/haeufig-gestellte-fragen\/","title":{"rendered":"H\u00e4ufig gestellte Fragen"},"content":{"rendered":"\t\t<div data-elementor-type=\"wp-page\" data-elementor-id=\"7232\" class=\"elementor elementor-7232\">\n\t\t\t\t\t\t<section class=\"elementor-section elementor-top-section elementor-element elementor-element-1c1c5f9 elementor-section-boxed elementor-section-height-default elementor-section-height-default\" data-id=\"1c1c5f9\" data-element_type=\"section\">\n\t\t\t\t\t\t<div class=\"elementor-container elementor-column-gap-default\">\n\t\t\t\t\t<div class=\"elementor-column elementor-col-66 elementor-top-column elementor-element elementor-element-bc776a6\" data-id=\"bc776a6\" data-element_type=\"column\">\n\t\t\t<div class=\"elementor-widget-wrap elementor-element-populated\">\n\t\t\t\t\t\t<div class=\"elementor-element elementor-element-38a7bb9 elementor-widget elementor-widget-cz_title\" data-id=\"38a7bb9\" data-element_type=\"widget\" data-widget_type=\"cz_title.default\">\n\t\t\t\t<div class=\"elementor-widget-container\">\n\t\t\t\t\t\t\r\n\t\t<div>\r\n\t\t\t<div class=\"cz_title clr cz_mobile_text_center cz_title_has_icon cz_title_pos_inline\"><div class=\"cz_title_content\"><i class=\"cz_title_icon_before fa czico-084-creative\"><\/i><div class=\"cz_wpe_content\"><h4><span style=\"font-size: 30px;\">Allgemein<\/span><\/h4>\n<span style=\"color: #666666;\">H\u00e4ufig gestellte Fragen\n<\/span><\/div><\/div><\/div>\r\n\t\t<\/div>\r\n\t\t\r\n\t\t\t\t\t\t<\/div>\n\t\t\t\t<\/div>\n\t\t\t\t<div class=\"elementor-element elementor-element-13e4b0f elementor-widget elementor-widget-cz_accordion\" data-id=\"13e4b0f\" data-element_type=\"widget\" data-widget_type=\"cz_accordion.default\">\n\t\t\t\t<div class=\"elementor-widget-container\">\n\t\t\t\t\t<div data-arrows='{\"open\":\"fa fa-angle-down\",\"close\":\"fa fa-angle-up\"}' class=\"cz_acc clr cz_acc_first_open\"><div><div class=\"elementor-repeater-item-c8300c5\"><span class=\"cz_acc_child\"><div>Wie kann ich Moskitonetze bestellen?<\/div><\/span><div class=\"cz_acc_child_content clr\">Sie k\u00f6nnen uns per Telefon, WhatsApp oder E-Mail kontaktieren, indem Sie das Produkt, das Sie kaufen m\u00f6chten, auf unserer Produktseite ausw\u00e4hlen und den Verkauf abschlie\u00dfen.\n<\/div><\/div><div class=\"elementor-repeater-item-302d29d\"><span class=\"cz_acc_child\"><div>Wie viele Tage dauert der Herstellungsprozess des Fliegengitters?<\/div><\/span><div class=\"cz_acc_child_content clr\">Es kann je nach Bestelldetails abweichen, aber der Herstellungsprozess f\u00fcr allgemeine und Standardbestellungen ist innerhalb von 3 Werktagen abgeschlossen.\n<\/div><\/div><div class=\"elementor-repeater-item-b2acdce\"><span class=\"cz_acc_child\"><div>Wann werden meine Produkte versandt oder geliefert?<\/div><\/span><div class=\"cz_acc_child_content clr\">Je nach Lieferprozess des bestellten Produkts wird der Herstellungsprozess innerhalb von durchschnittlich 3 Werktagen abgeschlossen und sofort an das Frachtunternehmen geliefert.\n<\/div><\/div><div class=\"elementor-repeater-item-9f281b7\"><span class=\"cz_acc_child\"><div>Haben die Produkte eine Garantie?<\/div><\/span><div class=\"cz_acc_child_content clr\">Alle Produkte auf unserer Website werden von unserem Unternehmen f\u00fcr 2 Jahre garantiert, solange kein Benutzerfehler vorliegt.\n<\/div><\/div><\/div><\/div>\t\t\t\t<\/div>\n\t\t\t\t<\/div>\n\t\t\t\t<div class=\"elementor-element elementor-element-d4bf10d elementor-widget elementor-widget-cz_title\" data-id=\"d4bf10d\" data-element_type=\"widget\" data-widget_type=\"cz_title.default\">\n\t\t\t\t<div class=\"elementor-widget-container\">\n\t\t\t\t\t\t\r\n\t\t<div>\r\n\t\t\t<div class=\"cz_title clr cz_mobile_text_center cz_title_has_icon cz_title_pos_inline\"><div class=\"cz_title_content\"><i class=\"cz_title_icon_before fa czico-084-creative\"><\/i><div class=\"cz_wpe_content\"><h4><span style=\"font-size: 30px;\">Fliegenklatsche\n<\/span><\/h4>\n<span style=\"color: #666666;\">H\u00e4ufig gestellte Fragen<\/span><\/div><\/div><\/div>\r\n\t\t<\/div>\r\n\t\t\r\n\t\t\t\t\t\t<\/div>\n\t\t\t\t<\/div>\n\t\t\t\t<div class=\"elementor-element elementor-element-ac75974 elementor-widget elementor-widget-cz_accordion\" data-id=\"ac75974\" data-element_type=\"widget\" data-widget_type=\"cz_accordion.default\">\n\t\t\t\t<div class=\"elementor-widget-container\">\n\t\t\t\t\t<div data-arrows='{\"open\":\"fa fa-angle-down\",\"close\":\"fa fa-angle-up\"}' class=\"cz_acc clr cz_acc_first_open\"><div><div class=\"elementor-repeater-item-c8300c5\"><span class=\"cz_acc_child\"><div>Wie nimmt man die Fliegengittergr\u00f6\u00dfe?<\/div><\/span><div class=\"cz_acc_child_content clr\">Bevor Sie die Moskitonetzgr\u00f6\u00dfe bestimmen, m\u00fcssen Sie Ihr Glas oder Ihre T\u00fcr \u00f6ffnen und dann den Abstand zwischen den Dochtenden bestimmen. Neben dieser Messung werden die Nutzungsanteile von unserem Fertigungsteam addiert.\n<\/div><\/div><div class=\"elementor-repeater-item-83ae57c\"><span class=\"cz_acc_child\"><div>Wie w\u00e4hle ich die Farbe im Fliegengitter aus?<\/div><\/span><div class=\"cz_acc_child_content clr\">Es ist die richtige Entscheidung, entsprechend der Farbe Ihrer Fenster- oder T\u00fcrschreinerei zu w\u00e4hlen, die in Moskitonetzprodukten verwendet wird.\n<\/div><\/div><div class=\"elementor-repeater-item-9608d5d\"><span class=\"cz_acc_child\"><div>Wie w\u00e4hle ich die Farbe im Fliegengitter aus?<\/div><\/span><div class=\"cz_acc_child_content clr\">Es wird durch 4 verschiedene Produktsysteme in Fliegengittertypen getrennt;\n\nPlissee Fliegengitter\nRoll-Fliegengitter\nVerschiebbares Fliegengitter\nAufklappbares Fliegengitter\n<\/div><\/div><div class=\"elementor-repeater-item-0a850b0\"><span class=\"cz_acc_child\"><div>Was ist beim Kauf von Moskitonetzen zu beachten?<\/div><\/span><div class=\"cz_acc_child_content clr\">Achten Sie vor der Bestellung auf das Fehlen von Werkzeugen wie Jalousien, B\u00fcgeleisen und Gel\u00e4nder usw., die die Verwendung von Moskitonetzen verhindern. Wenn diese Werkzeuge in Frage kommen, ist es notwendig, das Unternehmen zu benachrichtigen und spezielle Produkte f\u00fcr diesen Bereich vorzubereiten. Dar\u00fcber hinaus k\u00f6nnen Sie sich vor der Bestellung an den Unternehmensvertreter wenden und Unterst\u00fctzung in Bereichen wie der \u00dcberpr\u00fcfung der Abmessungen anfordern.\n<\/div><\/div><\/div><\/div>\t\t\t\t<\/div>\n\t\t\t\t<\/div>\n\t\t\t\t\t<\/div>\n\t\t<\/div>\n\t\t\t\t<div class=\"elementor-column elementor-col-33 elementor-top-column elementor-element elementor-element-6d97f2e\" data-id=\"6d97f2e\" data-element_type=\"column\">\n\t\t\t<div class=\"elementor-widget-wrap elementor-element-populated\">\n\t\t\t\t\t\t<div class=\"elementor-element elementor-element-7a9683f elementor-widget elementor-widget-cz_image\" data-id=\"7a9683f\" data-element_type=\"widget\" data-widget_type=\"cz_image.default\">\n\t\t\t\t<div class=\"elementor-widget-container\">\n\t\t\t\t\t\r\n\t\t<div class=\"cz_image clr cz_image_no_fx center_on_mobile\">\r\n\r\n\t\t\t<div class=\"cz_svg_bg\">\r\n\r\n\t\t\t\t<div class=\"cz_image_in\" data-tilt>\r\n\r\n\t\t\t\t\t<div class=\"cz_main_image\"><img fetchpriority=\"high\" decoding=\"async\" width=\"570\" height=\"722\" src=\"data:image\/svg+xml,%3Csvg%20xmlns%3D&#39;http%3A%2F%2Fwww.w3.org%2F2000%2Fsvg&#39;%20width=&#39;570&#39;%20height=&#39;722&#39;%20viewBox%3D&#39;0%200%20570%20722&#39;%2F%3E\" data-czlz data-src=\"https:\/\/www.penceresistemleri.com\/wp-content\/uploads\/2018\/09\/faq.jpg\" class=\"attachment-full size-full wp-image-1229\" alt=\"\" data-srcset=\"https:\/\/www.penceresistemleri.com\/wp-content\/uploads\/2018\/09\/faq.jpg 570w, https:\/\/www.penceresistemleri.com\/wp-content\/uploads\/2018\/09\/faq-237x300.jpg 237w\" data-sizes=\"(max-width: 570px) 100vw, 570px\" \/><\/div>\r\n\r\n\t\t\t\t\t<div class=\"cz_hover_image\"><img fetchpriority=\"high\" decoding=\"async\" width=\"570\" height=\"722\" src=\"data:image\/svg+xml,%3Csvg%20xmlns%3D&#39;http%3A%2F%2Fwww.w3.org%2F2000%2Fsvg&#39;%20width=&#39;570&#39;%20height=&#39;722&#39;%20viewBox%3D&#39;0%200%20570%20722&#39;%2F%3E\" data-czlz data-src=\"https:\/\/www.penceresistemleri.com\/wp-content\/uploads\/2018\/09\/faq.jpg\" class=\"attachment-full size-full wp-image-1229\" alt=\"\" data-srcset=\"https:\/\/www.penceresistemleri.com\/wp-content\/uploads\/2018\/09\/faq.jpg 570w, https:\/\/www.penceresistemleri.com\/wp-content\/uploads\/2018\/09\/faq-237x300.jpg 237w\" data-sizes=\"(max-width: 570px) 100vw, 570px\" \/><\/div>\r\n\t\t\t\t<\/div>\r\n\r\n\t\t\t\t\r\n\t\t\t<\/div>\r\n\r\n\t\t<\/div>\r\n\r\n\t\t\t\t\t\t<\/div>\n\t\t\t\t<\/div>\n\t\t\t\t<div class=\"elementor-element elementor-element-fa326a4 elementor-widget elementor-widget-cz_gap\" data-id=\"fa326a4\" data-element_type=\"widget\" data-widget_type=\"cz_gap.default\">\n\t\t\t\t<div class=\"elementor-widget-container\">\n\t\t\t\t\t<div class=\"cz_gap clr\"><\/div>\t\t\t\t<\/div>\n\t\t\t\t<\/div>\n\t\t\t\t<div class=\"elementor-element elementor-element-a6f62f8 elementor-widget elementor-widget-cz_title\" data-id=\"a6f62f8\" data-element_type=\"widget\" data-widget_type=\"cz_title.default\">\n\t\t\t\t<div class=\"elementor-widget-container\">\n\t\t\t\t\t\t\r\n\t\t<div>\r\n\t\t\t<div class=\"cz_title clr cz_mobile_text_center cz_title_has_icon cz_title_pos_inline\"><div class=\"cz_title_content\"><i class=\"cz_title_icon_before fa czico-008-chat-2\"><\/i><div class=\"cz_wpe_content\"><h4><span style=\"font-size: 30px;\">Frage stellen?\n<\/span><\/h4>\n<span style=\"color: #666666;\">Senden Sie Ihre Fragen!\n<\/span><\/div><\/div><\/div>\r\n\t\t<\/div>\r\n\t\t\r\n\t\t\t\t\t\t<\/div>\n\t\t\t\t<\/div>\n\t\t\t\t<div class=\"elementor-element elementor-element-d6ad8a6 elementor-widget elementor-widget-cz_contact_form_7\" data-id=\"d6ad8a6\" data-element_type=\"widget\" data-widget_type=\"cz_contact_form_7.default\">\n\t\t\t\t<div class=\"elementor-widget-container\">\n\t\t\t\t\t\t\t<div class=\"cz_cf7 clr\">\r\n\t\t\t<div><div role=\"form\" class=\"wpcf7\" id=\"wpcf7-f7242-o1\" lang=\"de-DE\" dir=\"ltr\">\n<div class=\"screen-reader-response\"><p role=\"status\" aria-live=\"polite\" aria-atomic=\"true\"><\/p> <ul><\/ul><\/div>\n<form action=\"\/de\/wp-json\/wp\/v2\/pages\/7232#wpcf7-f7242-o1\" method=\"post\" class=\"wpcf7-form init\" novalidate=\"novalidate\" data-status=\"init\">\n<div style=\"display: none;\">\n<input type=\"hidden\" name=\"_wpcf7\" value=\"7242\" \/>\n<input type=\"hidden\" name=\"_wpcf7_version\" value=\"5.6.3\" \/>\n<input type=\"hidden\" name=\"_wpcf7_locale\" value=\"de_DE\" \/>\n<input type=\"hidden\" name=\"_wpcf7_unit_tag\" value=\"wpcf7-f7242-o1\" \/>\n<input type=\"hidden\" name=\"_wpcf7_container_post\" value=\"0\" \/>\n<input type=\"hidden\" name=\"_wpcf7_posted_data_hash\" value=\"\" \/>\n<\/div>\n<p><span class=\"wpcf7-form-control-wrap\" data-name=\"your-name\"><input type=\"text\" name=\"your-name\" value=\"\" size=\"40\" class=\"wpcf7-form-control wpcf7-text wpcf7-validates-as-required\" aria-required=\"true\" aria-invalid=\"false\" placeholder=\"Vorname Nachname\" \/><\/span><\/p>\n<p><span class=\"wpcf7-form-control-wrap\" data-name=\"your-email\"><input type=\"email\" name=\"your-email\" value=\"\" size=\"40\" class=\"wpcf7-form-control wpcf7-text wpcf7-email wpcf7-validates-as-required wpcf7-validates-as-email\" aria-required=\"true\" aria-invalid=\"false\" placeholder=\"E-Mail\" \/><\/span><\/p>\n<p><span class=\"wpcf7-form-control-wrap\" data-name=\"your-subject\"><input type=\"text\" name=\"your-subject\" value=\"\" size=\"40\" class=\"wpcf7-form-control wpcf7-text\" aria-invalid=\"false\" placeholder=\"Thema\" \/><\/span><\/p>\n<p><span class=\"wpcf7-form-control-wrap\" data-name=\"menu-178\"><select name=\"menu-178\" class=\"wpcf7-form-control wpcf7-select\" aria-invalid=\"false\"><option value=\"Abteilung ausw\u00e4hlen\">Abteilung ausw\u00e4hlen<\/option><option value=\"Technischer Support\">Technischer Support<\/option><option value=\"Buchhaltung\">Buchhaltung<\/option><option value=\"Verkauf\">Verkauf<\/option><option value=\"Sonstiges\">Sonstiges<\/option><\/select><\/span><\/p>\n<p><span class=\"wpcf7-form-control-wrap\" data-name=\"your-message\"><textarea name=\"your-message\" cols=\"40\" rows=\"10\" class=\"wpcf7-form-control wpcf7-textarea\" aria-invalid=\"false\" placeholder=\"Ihre Nachricht...\"><\/textarea><\/span> <\/p>\n<p><input type=\"submit\" value=\"SENDEN!\" class=\"wpcf7-form-control has-spinner wpcf7-submit\" \/><\/p>\n<div class=\"wpcf7-response-output\" aria-hidden=\"true\"><\/div><\/form><\/div><\/div>\r\n\t\t<\/div>\r\n\t\t\t\t\t\t<\/div>\n\t\t\t\t<\/div>\n\t\t\t\t\t<\/div>\n\t\t<\/div>\n\t\t\t\t\t<\/div>\n\t\t<\/section>\n\t\t\t\t<\/div>\n\t\t","protected":false},"excerpt":{"rendered":"<p>Allgemein H\u00e4ufig gestellte Fragen Wie kann ich Moskitonetze bestellen?Sie k\u00f6nnen uns &#8230; <\/p>\n","protected":false},"author":1,"featured_media":0,"parent":0,"menu_order":0,"comment_status":"closed","ping_status":"closed","template":"","meta":{"footnotes":""},"class_list":["post-7232","page","type-page","status-publish","hentry"],"_links":{"self":[{"href":"https:\/\/www.penceresistemleri.com\/de\/wp-json\/wp\/v2\/pages\/7232","targetHints":{"allow":["GET"]}}],"collection":[{"href":"https:\/\/www.penceresistemleri.com\/de\/wp-json\/wp\/v2\/pages"}],"about":[{"href":"https:\/\/www.penceresistemleri.com\/de\/wp-json\/wp\/v2\/types\/page"}],"author":[{"embeddable":true,"href":"https:\/\/www.penceresistemleri.com\/de\/wp-json\/wp\/v2\/users\/1"}],"replies":[{"embeddable":true,"href":"https:\/\/www.penceresistemleri.com\/de\/wp-json\/wp\/v2\/comments?post=7232"}],"version-history":[{"count":0,"href":"https:\/\/www.penceresistemleri.com\/de\/wp-json\/wp\/v2\/pages\/7232\/revisions"}],"wp:attachment":[{"href":"https:\/\/www.penceresistemleri.com\/de\/wp-json\/wp\/v2\/media?parent=7232"}],"curies":[{"name":"wp","href":"https:\/\/api.w.org\/{rel}","templated":true}]}}